{"id":38,"date":"2021-10-05T11:39:30","date_gmt":"2021-10-05T11:39:30","guid":{"rendered":"https:\/\/samsoe-mff.dk\/?page_id=38"},"modified":"2021-10-06T12:14:56","modified_gmt":"2021-10-06T12:14:56","slug":"video","status":"publish","type":"page","link":"https:\/\/samsoe-mfk.dk\/?page_id=38","title":{"rendered":"Videos"},"content":{"rendered":"\n<p>Takeoff<\/p>\n\n\n\n<div class=\"wp-block-fv-player-gutenberg-basic\"><div id=\"wpfp_2318a03757f08f23fdbc41bd38ed926c\" data-item=\"{&quot;sources&quot;:[{&quot;src&quot;:&quot;http:\\\/\\\/samsoe-mfk.dk\\\/wp-content\\\/uploads\\\/2021\\\/10\\\/IMG_1028.mov&quot;,&quot;type&quot;:&quot;video\\\/mp4&quot;}],&quot;id&quot;:&quot;6&quot;,&quot;splash&quot;:&quot;http:\\\/\\\/samsoe-mfk.dk\\\/wp-content\\\/uploads\\\/2021\\\/10\\\/splashrc.jpg&quot;}\" class=\"flowplayer no-brand is-splash no-svg is-paused skin-slim fp-slim fp-edgy\" data-fv-embed=\"https:\/\/samsoe-mfk.dk\/?page_id=38&amp;fv_player_embed=fvp-6\" style=\"position:relative; max-width: 1280px; max-height: 720px; \" data-ratio=\"0.5625\">\n\t<div class=\"fp-ratio\" style=\"padding-top: 56.25%\"><\/div>\n\t<img decoding=\"async\" class=\"fp-splash\" alt=\"video\" src=\"http:\/\/samsoe-mfk.dk\/wp-content\/uploads\/2021\/10\/splashrc.jpg\" style=\"position:absolute;top:0;width:100%\" \/>\n\t<div class=\"fp-ui\"><noscript>Please enable JavaScript<\/noscript><div class=\"fp-play fp-visible\"><svg class=\"fp-play-sharp-fill\" xmlns=\"http:\/\/www.w3.org\/2000\/svg\" viewBox=\"0 0 100 100\"><defs><style>.fp-color-play{opacity:0.65;}.controlbutton{fill:#fff;}<\/style><\/defs><title>play-sharp-fill<\/title><path class=\"fp-color-play\" d=\"M49.9217-.078a50,50,0,1,0,50,50A50.0564,50.0564,0,0,0,49.9217-.078Z\"\/><polygon class=\"controlbutton\" points=\"73.601 50 37.968 70.573 37.968 29.427 73.601 50\" filter=\"url(#f1)\"\/><\/svg><\/div><div class=\"fp-preload\"><b><\/b><b><\/b><b><\/b><b><\/b><\/div><\/div>\n<div class='fvp-share-bar'><ul class=\"fvp-sharing\">\n    <li><a class=\"sharing-facebook\" href=\"https:\/\/www.facebook.com\/sharer\/sharer.php?u=https%3A%2F%2Fsamsoe-mfk.dk%2F%3Fpage_id%3D38\" target=\"_blank\"><\/a><\/li>\n    <li><a class=\"sharing-twitter\" href=\"https:\/\/twitter.com\/intent\/tweet?text=Sams%C3%B8+Modelflyveklub+&url=https%3A%2F%2Fsamsoe-mfk.dk%2F%3Fpage_id%3D38\" target=\"_blank\"><\/a><\/li>\n    <li><a class=\"sharing-email\" href=\"mailto:?body=Check%20out%20the%20amazing%20video%20here%3A%20https%3A%2F%2Fsamsoe-mfk.dk%2F%3Fpage_id%3D38\" target=\"_blank\"><\/a><\/li><\/ul><div><a class=\"sharing-link\" href=\"https:\/\/samsoe-mfk.dk\/?page_id=38\" target=\"_blank\">Link<\/a><\/div><div><label><a class=\"embed-code-toggle\" href=\"#\"><strong>Embed<\/strong><\/a><\/label><\/div><div class=\"embed-code\"><label>Copy and paste this HTML code into your webpage to embed.<\/label><textarea><\/textarea><\/div><\/div>\n<\/div>\n<\/div>\n\n\n\n<p>Jet taxi<\/p>\n\n\n\n<div class=\"wp-block-fv-player-gutenberg-basic\"><div id=\"wpfp_30da6df04cc35ce3c18eb52b5ce1b630\" data-item=\"{&quot;sources&quot;:[{&quot;src&quot;:&quot;http:\\\/\\\/samsoe-mfk.dk\\\/wp-content\\\/uploads\\\/2021\\\/10\\\/jet1.mov&quot;,&quot;type&quot;:&quot;video\\\/mp4&quot;}],&quot;id&quot;:&quot;4&quot;,&quot;splash&quot;:&quot;http:\\\/\\\/samsoe-mfk.dk\\\/wp-content\\\/uploads\\\/2021\\\/10\\\/splashrc.jpg&quot;}\" class=\"flowplayer no-brand is-splash no-svg is-paused skin-slim fp-slim fp-edgy\" data-fv-embed=\"https:\/\/samsoe-mfk.dk\/?page_id=38&amp;fv_player_embed=fvp-4\" style=\"position:relative; max-width: 640px; max-height: 360px; \" data-ratio=\"0.5625\">\n\t<div class=\"fp-ratio\" style=\"padding-top: 56.25%\"><\/div>\n\t<img decoding=\"async\" class=\"fp-splash\" alt=\"video\" src=\"http:\/\/samsoe-mfk.dk\/wp-content\/uploads\/2021\/10\/splashrc.jpg\" style=\"position:absolute;top:0;width:100%\" \/>\n\t<div class=\"fp-ui\"><noscript>Please enable JavaScript<\/noscript><div class=\"fp-play fp-visible\"><svg class=\"fp-play-sharp-fill\" xmlns=\"http:\/\/www.w3.org\/2000\/svg\" viewBox=\"0 0 100 100\"><defs><style>.fp-color-play{opacity:0.65;}.controlbutton{fill:#fff;}<\/style><\/defs><title>play-sharp-fill<\/title><path class=\"fp-color-play\" d=\"M49.9217-.078a50,50,0,1,0,50,50A50.0564,50.0564,0,0,0,49.9217-.078Z\"\/><polygon class=\"controlbutton\" points=\"73.601 50 37.968 70.573 37.968 29.427 73.601 50\" filter=\"url(#f1)\"\/><\/svg><\/div><div class=\"fp-preload\"><b><\/b><b><\/b><b><\/b><b><\/b><\/div><\/div>\n<div class='fvp-share-bar'><ul class=\"fvp-sharing\">\n    <li><a class=\"sharing-facebook\" href=\"https:\/\/www.facebook.com\/sharer\/sharer.php?u=https%3A%2F%2Fsamsoe-mfk.dk%2F%3Fpage_id%3D38\" target=\"_blank\"><\/a><\/li>\n    <li><a class=\"sharing-twitter\" href=\"https:\/\/twitter.com\/intent\/tweet?text=Sams%C3%B8+Modelflyveklub+&url=https%3A%2F%2Fsamsoe-mfk.dk%2F%3Fpage_id%3D38\" target=\"_blank\"><\/a><\/li>\n    <li><a class=\"sharing-email\" href=\"mailto:?body=Check%20out%20the%20amazing%20video%20here%3A%20https%3A%2F%2Fsamsoe-mfk.dk%2F%3Fpage_id%3D38\" target=\"_blank\"><\/a><\/li><\/ul><div><a class=\"sharing-link\" href=\"https:\/\/samsoe-mfk.dk\/?page_id=38\" target=\"_blank\">Link<\/a><\/div><div><label><a class=\"embed-code-toggle\" href=\"#\"><strong>Embed<\/strong><\/a><\/label><\/div><div class=\"embed-code\"><label>Copy and paste this HTML code into your webpage to embed.<\/label><textarea><\/textarea><\/div><\/div>\n<\/div>\n<\/div>\n\n\n\n<p>Sams\u00f8 modelflyveplads set fra luften<\/p>\n\n\n\n<p><\/p>\n\n\n\n<div class=\"wp-block-fv-player-gutenberg-basic\"><div id=\"wpfp_b5498eb8e228981d31485eeaa586759f\" data-item=\"{&quot;sources&quot;:[{&quot;src&quot;:&quot;http:\\\/\\\/samsoe-mfk.dk\\\/wp-content\\\/uploads\\\/2021\\\/10\\\/banen.mp4&quot;,&quot;type&quot;:&quot;video\\\/mp4&quot;}],&quot;id&quot;:&quot;2&quot;,&quot;splash&quot;:&quot;http:\\\/\\\/samsoe-mfk.dk\\\/wp-content\\\/uploads\\\/2021\\\/10\\\/splashrc.jpg&quot;}\" class=\"flowplayer no-brand is-splash no-svg is-paused skin-slim fp-slim fp-edgy\" data-fv-embed=\"https:\/\/samsoe-mfk.dk\/?page_id=38&amp;fv_player_embed=fvp-2\" style=\"position:relative; max-width: 1920px; max-height: 1080px; \" data-ratio=\"0.5625\">\n\t<div class=\"fp-ratio\" style=\"padding-top: 56.25%\"><\/div>\n\t<img decoding=\"async\" class=\"fp-splash\" alt=\"video\" src=\"http:\/\/samsoe-mfk.dk\/wp-content\/uploads\/2021\/10\/splashrc.jpg\" style=\"position:absolute;top:0;width:100%\" \/>\n\t<div class=\"fp-ui\"><noscript>Please enable JavaScript<\/noscript><div class=\"fp-play fp-visible\"><svg class=\"fp-play-sharp-fill\" xmlns=\"http:\/\/www.w3.org\/2000\/svg\" viewBox=\"0 0 100 100\"><defs><style>.fp-color-play{opacity:0.65;}.controlbutton{fill:#fff;}<\/style><\/defs><title>play-sharp-fill<\/title><path class=\"fp-color-play\" d=\"M49.9217-.078a50,50,0,1,0,50,50A50.0564,50.0564,0,0,0,49.9217-.078Z\"\/><polygon class=\"controlbutton\" points=\"73.601 50 37.968 70.573 37.968 29.427 73.601 50\" filter=\"url(#f1)\"\/><\/svg><\/div><div class=\"fp-preload\"><b><\/b><b><\/b><b><\/b><b><\/b><\/div><\/div>\n<div class='fvp-share-bar'><ul class=\"fvp-sharing\">\n    <li><a class=\"sharing-facebook\" href=\"https:\/\/www.facebook.com\/sharer\/sharer.php?u=https%3A%2F%2Fsamsoe-mfk.dk%2F%3Fpage_id%3D38\" target=\"_blank\"><\/a><\/li>\n    <li><a class=\"sharing-twitter\" href=\"https:\/\/twitter.com\/intent\/tweet?text=Sams%C3%B8+Modelflyveklub+&url=https%3A%2F%2Fsamsoe-mfk.dk%2F%3Fpage_id%3D38\" target=\"_blank\"><\/a><\/li>\n    <li><a class=\"sharing-email\" href=\"mailto:?body=Check%20out%20the%20amazing%20video%20here%3A%20https%3A%2F%2Fsamsoe-mfk.dk%2F%3Fpage_id%3D38\" target=\"_blank\"><\/a><\/li><\/ul><div><a class=\"sharing-link\" href=\"https:\/\/samsoe-mfk.dk\/?page_id=38\" target=\"_blank\">Link<\/a><\/div><div><label><a class=\"embed-code-toggle\" href=\"#\"><strong>Embed<\/strong><\/a><\/label><\/div><div class=\"embed-code\"><label>Copy and paste this HTML code into your webpage to embed.<\/label><textarea><\/textarea><\/div><\/div>\n<\/div>\n<\/div>\n\n\n\n<p>F\u00f8rste startup af NGH GT35R 35cc benzin motor<\/p>\n\n\n\n<div class=\"wp-block-fv-player-gutenberg-basic\"><div id=\"wpfp_aa4d3fdae0256fde315dd52d66049428\" data-item=\"{&quot;sources&quot;:[{&quot;src&quot;:&quot;http:\\\/\\\/samsoe-mfk.dk\\\/wp-content\\\/uploads\\\/2021\\\/10\\\/Gas.mp4&quot;,&quot;type&quot;:&quot;video\\\/mp4&quot;}],&quot;id&quot;:&quot;1&quot;,&quot;splash&quot;:&quot;http:\\\/\\\/samsoe-mfk.dk\\\/wp-content\\\/uploads\\\/2021\\\/10\\\/splashrc.jpg&quot;}\" class=\"flowplayer no-brand is-splash no-svg is-paused skin-slim fp-slim fp-edgy\" data-fv-embed=\"https:\/\/samsoe-mfk.dk\/?page_id=38&amp;fv_player_embed=fvp-1\" style=\"position:relative; max-width: 1920px; max-height: 1080px; \" data-ratio=\"0.5625\">\n\t<div class=\"fp-ratio\" style=\"padding-top: 56.25%\"><\/div>\n\t<img decoding=\"async\" class=\"fp-splash\" alt=\"video\" src=\"http:\/\/samsoe-mfk.dk\/wp-content\/uploads\/2021\/10\/splashrc.jpg\" style=\"position:absolute;top:0;width:100%\" \/>\n\t<div class=\"fp-ui\"><noscript>Please enable JavaScript<\/noscript><div class=\"fp-play fp-visible\"><svg class=\"fp-play-sharp-fill\" xmlns=\"http:\/\/www.w3.org\/2000\/svg\" viewBox=\"0 0 100 100\"><defs><style>.fp-color-play{opacity:0.65;}.controlbutton{fill:#fff;}<\/style><\/defs><title>play-sharp-fill<\/title><path class=\"fp-color-play\" d=\"M49.9217-.078a50,50,0,1,0,50,50A50.0564,50.0564,0,0,0,49.9217-.078Z\"\/><polygon class=\"controlbutton\" points=\"73.601 50 37.968 70.573 37.968 29.427 73.601 50\" filter=\"url(#f1)\"\/><\/svg><\/div><div class=\"fp-preload\"><b><\/b><b><\/b><b><\/b><b><\/b><\/div><\/div>\n<div class='fvp-share-bar'><ul class=\"fvp-sharing\">\n    <li><a class=\"sharing-facebook\" href=\"https:\/\/www.facebook.com\/sharer\/sharer.php?u=https%3A%2F%2Fsamsoe-mfk.dk%2F%3Fpage_id%3D38\" target=\"_blank\"><\/a><\/li>\n    <li><a class=\"sharing-twitter\" href=\"https:\/\/twitter.com\/intent\/tweet?text=Sams%C3%B8+Modelflyveklub+&url=https%3A%2F%2Fsamsoe-mfk.dk%2F%3Fpage_id%3D38\" target=\"_blank\"><\/a><\/li>\n    <li><a class=\"sharing-email\" href=\"mailto:?body=Check%20out%20the%20amazing%20video%20here%3A%20https%3A%2F%2Fsamsoe-mfk.dk%2F%3Fpage_id%3D38\" target=\"_blank\"><\/a><\/li><\/ul><div><a class=\"sharing-link\" href=\"https:\/\/samsoe-mfk.dk\/?page_id=38\" target=\"_blank\">Link<\/a><\/div><div><label><a class=\"embed-code-toggle\" href=\"#\"><strong>Embed<\/strong><\/a><\/label><\/div><div class=\"embed-code\"><label>Copy and paste this HTML code into your webpage to embed.<\/label><textarea><\/textarea><\/div><\/div>\n<\/div>\n<\/div>\n","protected":false},"excerpt":{"rendered":"<p>Takeoff Jet taxi Sams\u00f8 modelflyveplads set fra luften F\u00f8rste startup af NGH GT35R 35cc benzin motor<\/p>\n","protected":false},"author":1,"featured_media":0,"parent":0,"menu_order":0,"comment_status":"closed","ping_status":"closed","template":"","meta":{"kt_blocks_editor_width":"","ngg_post_thumbnail":0,"footnotes":""},"class_list":["post-38","page","type-page","status-publish","hentry"],"yoast_head":"<!-- This site is optimized with the Yoast SEO plugin v27.3 - https:\/\/yoast.com\/product\/yoast-seo-wordpress\/ -->\n<title>Videos - Sams\u00f8 Modelflyveklub<\/title>\n<meta name=\"robots\" content=\"index, follow, max-snippet:-1, max-image-preview:large, max-video-preview:-1\" \/>\n<link rel=\"canonical\" href=\"https:\/\/samsoe-mfk.dk\/?page_id=38\" \/>\n<meta property=\"og:locale\" content=\"en_US\" \/>\n<meta property=\"og:type\" content=\"article\" \/>\n<meta property=\"og:title\" content=\"Videos - Sams\u00f8 Modelflyveklub\" \/>\n<meta property=\"og:description\" content=\"Takeoff Jet taxi Sams\u00f8 modelflyveplads set fra luften F\u00f8rste startup af NGH GT35R 35cc benzin motor\" \/>\n<meta property=\"og:url\" content=\"https:\/\/samsoe-mfk.dk\/?page_id=38\" \/>\n<meta property=\"og:site_name\" content=\"Sams\u00f8 Modelflyveklub\" \/>\n<meta property=\"article:modified_time\" content=\"2021-10-06T12:14:56+00:00\" \/>\n<meta name=\"twitter:card\" content=\"summary_large_image\" \/>\n<script type=\"application\/ld+json\" class=\"yoast-schema-graph\">{\"@context\":\"https:\\\/\\\/schema.org\",\"@graph\":[{\"@type\":\"WebPage\",\"@id\":\"https:\\\/\\\/samsoe-mfk.dk\\\/?page_id=38\",\"url\":\"https:\\\/\\\/samsoe-mfk.dk\\\/?page_id=38\",\"name\":\"Videos - Sams\u00f8 Modelflyveklub\",\"isPartOf\":{\"@id\":\"https:\\\/\\\/samsoe-mfk.dk\\\/#website\"},\"datePublished\":\"2021-10-05T11:39:30+00:00\",\"dateModified\":\"2021-10-06T12:14:56+00:00\",\"breadcrumb\":{\"@id\":\"https:\\\/\\\/samsoe-mfk.dk\\\/?page_id=38#breadcrumb\"},\"inLanguage\":\"en-US\",\"potentialAction\":[{\"@type\":\"ReadAction\",\"target\":[\"https:\\\/\\\/samsoe-mfk.dk\\\/?page_id=38\"]}]},{\"@type\":\"BreadcrumbList\",\"@id\":\"https:\\\/\\\/samsoe-mfk.dk\\\/?page_id=38#breadcrumb\",\"itemListElement\":[{\"@type\":\"ListItem\",\"position\":1,\"name\":\"Home\",\"item\":\"https:\\\/\\\/samsoe-mfk.dk\\\/\"},{\"@type\":\"ListItem\",\"position\":2,\"name\":\"Videos\"}]},{\"@type\":\"WebSite\",\"@id\":\"https:\\\/\\\/samsoe-mfk.dk\\\/#website\",\"url\":\"https:\\\/\\\/samsoe-mfk.dk\\\/\",\"name\":\"Sams\u00f8 Modelflyveklub\",\"description\":\"RC Sams\u00f8\",\"potentialAction\":[{\"@type\":\"SearchAction\",\"target\":{\"@type\":\"EntryPoint\",\"urlTemplate\":\"https:\\\/\\\/samsoe-mfk.dk\\\/?s={search_term_string}\"},\"query-input\":{\"@type\":\"PropertyValueSpecification\",\"valueRequired\":true,\"valueName\":\"search_term_string\"}}],\"inLanguage\":\"en-US\"}]}<\/script>\n<!-- \/ Yoast SEO plugin. -->","yoast_head_json":{"title":"Videos - Sams\u00f8 Modelflyveklub","robots":{"index":"index","follow":"follow","max-snippet":"max-snippet:-1","max-image-preview":"max-image-preview:large","max-video-preview":"max-video-preview:-1"},"canonical":"https:\/\/samsoe-mfk.dk\/?page_id=38","og_locale":"en_US","og_type":"article","og_title":"Videos - Sams\u00f8 Modelflyveklub","og_description":"Takeoff Jet taxi Sams\u00f8 modelflyveplads set fra luften F\u00f8rste startup af NGH GT35R 35cc benzin motor","og_url":"https:\/\/samsoe-mfk.dk\/?page_id=38","og_site_name":"Sams\u00f8 Modelflyveklub","article_modified_time":"2021-10-06T12:14:56+00:00","twitter_card":"summary_large_image","schema":{"@context":"https:\/\/schema.org","@graph":[{"@type":"WebPage","@id":"https:\/\/samsoe-mfk.dk\/?page_id=38","url":"https:\/\/samsoe-mfk.dk\/?page_id=38","name":"Videos - Sams\u00f8 Modelflyveklub","isPartOf":{"@id":"https:\/\/samsoe-mfk.dk\/#website"},"datePublished":"2021-10-05T11:39:30+00:00","dateModified":"2021-10-06T12:14:56+00:00","breadcrumb":{"@id":"https:\/\/samsoe-mfk.dk\/?page_id=38#breadcrumb"},"inLanguage":"en-US","potentialAction":[{"@type":"ReadAction","target":["https:\/\/samsoe-mfk.dk\/?page_id=38"]}]},{"@type":"BreadcrumbList","@id":"https:\/\/samsoe-mfk.dk\/?page_id=38#breadcrumb","itemListElement":[{"@type":"ListItem","position":1,"name":"Home","item":"https:\/\/samsoe-mfk.dk\/"},{"@type":"ListItem","position":2,"name":"Videos"}]},{"@type":"WebSite","@id":"https:\/\/samsoe-mfk.dk\/#website","url":"https:\/\/samsoe-mfk.dk\/","name":"Sams\u00f8 Modelflyveklub","description":"RC Sams\u00f8","potentialAction":[{"@type":"SearchAction","target":{"@type":"EntryPoint","urlTemplate":"https:\/\/samsoe-mfk.dk\/?s={search_term_string}"},"query-input":{"@type":"PropertyValueSpecification","valueRequired":true,"valueName":"search_term_string"}}],"inLanguage":"en-US"}]}},"_links":{"self":[{"href":"https:\/\/samsoe-mfk.dk\/index.php?rest_route=\/wp\/v2\/pages\/38","targetHints":{"allow":["GET"]}}],"collection":[{"href":"https:\/\/samsoe-mfk.dk\/index.php?rest_route=\/wp\/v2\/pages"}],"about":[{"href":"https:\/\/samsoe-mfk.dk\/index.php?rest_route=\/wp\/v2\/types\/page"}],"author":[{"embeddable":true,"href":"https:\/\/samsoe-mfk.dk\/index.php?rest_route=\/wp\/v2\/users\/1"}],"replies":[{"embeddable":true,"href":"https:\/\/samsoe-mfk.dk\/index.php?rest_route=%2Fwp%2Fv2%2Fcomments&post=38"}],"version-history":[{"count":6,"href":"https:\/\/samsoe-mfk.dk\/index.php?rest_route=\/wp\/v2\/pages\/38\/revisions"}],"predecessor-version":[{"id":127,"href":"https:\/\/samsoe-mfk.dk\/index.php?rest_route=\/wp\/v2\/pages\/38\/revisions\/127"}],"wp:attachment":[{"href":"https:\/\/samsoe-mfk.dk\/index.php?rest_route=%2Fwp%2Fv2%2Fmedia&parent=38"}],"curies":[{"name":"wp","href":"https:\/\/api.w.org\/{rel}","templated":true}]}}